{"id":2,"date":"2021-06-21T12:00:10","date_gmt":"2021-06-21T12:00:10","guid":{"rendered":"http:\/\/impuls4you.de\/?page_id=2"},"modified":"2024-05-15T12:59:22","modified_gmt":"2024-05-15T12:59:22","slug":"sample-page","status":"publish","type":"page","link":"http:\/\/impuls4you.de\/?page_id=2","title":{"rendered":"Beratung\/Coaching"},"content":{"rendered":"\n<p>Nach vielen Jahren, in denen ich auch beruflich beraten und unterst\u00fctzt habe, beschr\u00e4nkt sich mein Angebot als Pension\u00e4r (ab 2019) inzwischen haupts\u00e4chlich auf ehrenamtliche T\u00e4tigkeiten; <br>in seltenen F\u00e4llen mache ich auch Ausnahmen, rufen Sie einfach an.<\/p>\n\n\n\n<p>Oben, f\u00fcr alle die, die sie noch kennen, meine damalige Homepage Startseite als Sceenshot (das waren noch Zeiten \ud83d\ude42 )<\/p>\n\n\n\n<p><\/p>\n\n\n\n<p><\/p>\n","protected":false},"excerpt":{"rendered":"<p>Nach vielen Jahren, in denen ich auch beruflich beraten und unterst\u00fctzt habe, beschr\u00e4nkt sich mein Angebot als Pension\u00e4r (ab 2019) inzwischen haupts\u00e4chlich auf ehrenamtliche T\u00e4tigkeiten; in seltenen F\u00e4llen mache ich auch Ausnahmen, rufen Sie einfach an. Oben, f\u00fcr alle die, die sie noch kennen, meine damalige Homepage Startseite als Sceenshot (das waren noch Zeiten \ud83d\ude42 [&hellip;]<\/p>\n","protected":false},"author":1,"featured_media":35,"parent":0,"menu_order":0,"comment_status":"closed","ping_status":"open","template":"","meta":{"ngg_post_thumbnail":0,"footnotes":""},"class_list":["post-2","page","type-page","status-publish","has-post-thumbnail","hentry"],"_links":{"self":[{"href":"http:\/\/impuls4you.de\/index.php?rest_route=\/wp\/v2\/pages\/2","targetHints":{"allow":["GET"]}}],"collection":[{"href":"http:\/\/impuls4you.de\/index.php?rest_route=\/wp\/v2\/pages"}],"about":[{"href":"http:\/\/impuls4you.de\/index.php?rest_route=\/wp\/v2\/types\/page"}],"author":[{"embeddable":true,"href":"http:\/\/impuls4you.de\/index.php?rest_route=\/wp\/v2\/users\/1"}],"replies":[{"embeddable":true,"href":"http:\/\/impuls4you.de\/index.php?rest_route=%2Fwp%2Fv2%2Fcomments&post=2"}],"version-history":[{"count":3,"href":"http:\/\/impuls4you.de\/index.php?rest_route=\/wp\/v2\/pages\/2\/revisions"}],"predecessor-version":[{"id":116,"href":"http:\/\/impuls4you.de\/index.php?rest_route=\/wp\/v2\/pages\/2\/revisions\/116"}],"wp:featuredmedia":[{"embeddable":true,"href":"http:\/\/impuls4you.de\/index.php?rest_route=\/wp\/v2\/media\/35"}],"wp:attachment":[{"href":"http:\/\/impuls4you.de\/index.php?rest_route=%2Fwp%2Fv2%2Fmedia&parent=2"}],"curies":[{"name":"wp","href":"https:\/\/api.w.org\/{rel}","templated":true}]}}