{"id":60,"date":"2021-07-15T16:59:00","date_gmt":"2021-07-15T16:59:00","guid":{"rendered":"http:\/\/impuls4you.de\/?page_id=60"},"modified":"2022-02-03T18:50:55","modified_gmt":"2022-02-03T18:50:55","slug":"impressum","status":"publish","type":"page","link":"https:\/\/impuls4you.de\/?page_id=60","title":{"rendered":"Impressum"},"content":{"rendered":"\n<figure class=\"wp-block-image size-large is-style-rounded\"><img loading=\"lazy\" decoding=\"async\" width=\"1024\" height=\"684\" src=\"http:\/\/impuls4you.de\/wp-content\/uploads\/2022\/02\/GerdBurgFoto1-1024x684.jpg\" alt=\"\" class=\"wp-image-72\" srcset=\"https:\/\/impuls4you.de\/wp-content\/uploads\/2022\/02\/GerdBurgFoto1-1024x684.jpg 1024w, https:\/\/impuls4you.de\/wp-content\/uploads\/2022\/02\/GerdBurgFoto1-300x200.jpg 300w, https:\/\/impuls4you.de\/wp-content\/uploads\/2022\/02\/GerdBurgFoto1-768x513.jpg 768w, https:\/\/impuls4you.de\/wp-content\/uploads\/2022\/02\/GerdBurgFoto1-1536x1026.jpg 1536w, https:\/\/impuls4you.de\/wp-content\/uploads\/2022\/02\/GerdBurgFoto1.jpg 2000w\" sizes=\"auto, (max-width: 1024px) 100vw, 1024px\" \/><figcaption>Vor der Burg Vischering in L\u00fcdinghausen 2020<\/figcaption><\/figure>\n\n\n\n<p><span style=\"color:#0693e3\" class=\"tadv-color\">Hinweis: Dies ist eine rein private Homepage, die nur der pers\u00f6nlichen Information und keinerlei kommerzielle, unternehmerische oder wirtschaftliche Ziele verfolgt!<\/span><\/p>\n\n\n\n<p><\/p>\n\n\n\n<p><strong>GERD M\u00dcLLER<br>59348 L\u00fcdinghausen<br>&gt; gerd.mueller01@gmx.net<br>&gt; Tel.: 0176-57697290<\/strong><\/p>\n\n\n\n<p><strong>Hinweis: <\/strong>Mit dem Urteil vom 12. Mai 1998 hat das Landgericht Hamburg entschieden, dass man durch die Anbringung eines Links die Inhalte der gelinkten Seite gegebenenfalls mit zu verantworten hat. Dies kann &#8211; so das Landgericht &#8211; nur dadurch verhindert werden, dass man sich ausdr\u00fccklich von diesen Inhalten distanziert. Das tue ich hiermit! Auf meiner Homepage befinden sich Links zu anderen Inhalten im Internet. F\u00fcr diese Links gilt: Ich betone ausdr\u00fccklich, dass ich keinerlei Einfluss auf die Gestaltung und die Inhalte der gelinkten Seiten\/Inhalte haben. Deshalb distanziere ich mich hiermit ausdr\u00fccklich von allen Inhalten aller gelinkten Seiten auf meinen Websites. Diese Erkl\u00e4rung gilt f\u00fcr alle Seiten dieser Site, wo Links oder Banner auf externe Inhalte abgehen.<br><br>Ich bin nur f\u00fcr Inhalte meiner impuls4you-Seiten verantwortlich. F\u00fcr alle evtl. Zitate und Geschichten liegen die Copyrights bei den Autoren, die ich immer versucht habe anzugeben.<\/p>\n\n\n\n<p><\/p>\n\n\n\n<p>ALL DIES ZUM WOHLE DES GANZEN!<\/p>\n","protected":false},"excerpt":{"rendered":"<p>Hinweis: Dies ist eine rein private Homepage, die nur der pers\u00f6nlichen Information und keinerlei kommerzielle, unternehmerische oder wirtschaftliche Ziele verfolgt! GERD M\u00dcLLER59348 L\u00fcdinghausen&gt; gerd.mueller01@gmx.net&gt; Tel.: 0176-57697290 Hinweis: Mit dem Urteil vom 12. Mai 1998 hat das Landgericht Hamburg entschieden, dass man durch die Anbringung eines Links die Inhalte der gelinkten Seite gegebenenfalls mit zu verantworten [&hellip;]<\/p>\n","protected":false},"author":1,"featured_media":0,"parent":0,"menu_order":0,"comment_status":"closed","ping_status":"closed","template":"","meta":{"ngg_post_thumbnail":0,"footnotes":""},"class_list":["post-60","page","type-page","status-publish","hentry"],"_links":{"self":[{"href":"https:\/\/impuls4you.de\/index.php?rest_route=\/wp\/v2\/pages\/60","targetHints":{"allow":["GET"]}}],"collection":[{"href":"https:\/\/impuls4you.de\/index.php?rest_route=\/wp\/v2\/pages"}],"about":[{"href":"https:\/\/impuls4you.de\/index.php?rest_route=\/wp\/v2\/types\/page"}],"author":[{"embeddable":true,"href":"https:\/\/impuls4you.de\/index.php?rest_route=\/wp\/v2\/users\/1"}],"replies":[{"embeddable":true,"href":"https:\/\/impuls4you.de\/index.php?rest_route=%2Fwp%2Fv2%2Fcomments&post=60"}],"version-history":[{"count":3,"href":"https:\/\/impuls4you.de\/index.php?rest_route=\/wp\/v2\/pages\/60\/revisions"}],"predecessor-version":[{"id":73,"href":"https:\/\/impuls4you.de\/index.php?rest_route=\/wp\/v2\/pages\/60\/revisions\/73"}],"wp:attachment":[{"href":"https:\/\/impuls4you.de\/index.php?rest_route=%2Fwp%2Fv2%2Fmedia&parent=60"}],"curies":[{"name":"wp","href":"https:\/\/api.w.org\/{rel}","templated":true}]}}